{"id":2242,"date":"2023-03-10T19:25:47","date_gmt":"2023-03-10T19:25:47","guid":{"rendered":"https:\/\/mountainhope.org\/?page_id=2242"},"modified":"2026-02-23T09:23:05","modified_gmt":"2026-02-23T14:23:05","slug":"service-fees","status":"publish","type":"page","link":"https:\/\/mountainhope.org\/es\/our-clinic\/service-fees\/","title":{"rendered":"Tarifas de servicios"},"content":{"rendered":"<div data-elementor-type=\"wp-page\" data-elementor-id=\"2242\" class=\"elementor elementor-2242\" data-elementor-post-type=\"page\">\n\t\t\t\t<div class=\"elementor-element elementor-element-692bde0c e-con-full e-flex e-con e-parent\" data-id=\"692bde0c\" data-element_type=\"container\" data-e-type=\"container\" data-settings=\"{&quot;shape_divider_bottom&quot;:&quot;mountains&quot;,&quot;background_background&quot;:&quot;classic&quot;}\">\n\t\t\t\t<div class=\"elementor-shape elementor-shape-bottom\" aria-hidden=\"true\" data-negative=\"false\">\n\t\t\t<svg xmlns=\"http:\/\/www.w3.org\/2000\/svg\" viewbox=\"0 0 1000 100\" preserveaspectratio=\"none\">\n\t<path class=\"elementor-shape-fill\" opacity=\"0.33\" d=\"M473,67.3c-203.9,88.3-263.1-34-320.3,0C66,119.1,0,59.7,0,59.7V0h1000v59.7 c0,0-62.1,26.1-94.9,29.3c-32.8,3.3-62.8-12.3-75.8-22.1C806,49.6,745.3,8.7,694.9,4.7S492.4,59,473,67.3z\"\/>\n\t<path class=\"elementor-shape-fill\" opacity=\"0.66\" d=\"M734,67.3c-45.5,0-77.2-23.2-129.1-39.1c-28.6-8.7-150.3-10.1-254,39.1 s-91.7-34.4-149.2,0C115.7,118.3,0,39.8,0,39.8V0h1000v36.5c0,0-28.2-18.5-92.1-18.5C810.2,18.1,775.7,67.3,734,67.3z\"\/>\n\t<path class=\"elementor-shape-fill\" d=\"M766.1,28.9c-200-57.5-266,65.5-395.1,19.5C242,1.8,242,5.4,184.8,20.6C128,35.8,132.3,44.9,89.9,52.5C28.6,63.7,0,0,0,0 h1000c0,0-9.9,40.9-83.6,48.1S829.6,47,766.1,28.9z\"\/>\n<\/svg>\t\t<\/div>\n\t\t\t\t<div class=\"elementor-element elementor-element-1a566c5e elementor-widget elementor-widget-heading\" data-id=\"1a566c5e\" data-element_type=\"widget\" data-e-type=\"widget\" data-widget_type=\"heading.default\">\n\t\t\t\t<div class=\"elementor-widget-container\">\n\t\t\t\t\t<h1 class=\"elementor-heading-title elementor-size-default\">Tarifas de servicios<\/h1>\t\t\t\t<\/div>\n\t\t\t\t<\/div>\n\t\t\t\t<\/div>\n\t\t<div class=\"elementor-element elementor-element-3f4f3cc3 e-flex e-con-boxed e-con e-parent\" data-id=\"3f4f3cc3\" data-element_type=\"container\" data-e-type=\"container\">\n\t\t\t\t\t<div class=\"e-con-inner\">\n\t\t\t\t<div class=\"elementor-element elementor-element-3c6c9866 elementor-widget elementor-widget-text-editor\" data-id=\"3c6c9866\" data-element_type=\"widget\" data-e-type=\"widget\" data-widget_type=\"text-editor.default\">\n\t\t\t\t<div class=\"elementor-widget-container\">\n\t\t\t\t\t\t\t\t\t<p><span style=\"font-size: 16.0016px;\">Mountain Hope Good Shepherd Clinic es una cl\u00ednica ben\u00e9fica basada en la fe, lo que significa que nos esforzamos por mantener las tarifas de los servicios a un costo asequible; sin embargo, no somos una cl\u00ednica gratuita. Los pacientes pagar\u00e1n los servicios en el momento de la visita seg\u00fan nuestra escala m\u00f3vil de tarifas.<\/span><\/p><p>Our Clinic participates in several state funded programs that require financial eligibility screening to receive assistance and services through these programs. Fees for Clinic services are based on a sliding fee scale determined by household size and income. We follow the Federal Poverty Level Guidelines and proof of income is required to determine eligibility.\u00a0<\/p><p>\u00a0<\/p><p><strong>What is Needed for Proof of Income:<\/strong><\/p><p>\u00a0<\/p><ul><li><strong>Talones de pago<\/strong> de un empleador. Incluya todos los talones de pago de las \u00faltimas 4 semanas completas en las que recibi\u00f3 el pago.<\/li><li><strong>Declaraciones de impuestos del IRS (formulario 1040 del IRS)<\/strong> para el a\u00f1o fiscal presentado m\u00e1s recientemente. Tambi\u00e9n se aceptan otros formularios oficiales del IRS que muestren ingresos, como W-2 y 1099.<\/li><li><strong>Desempleo<\/strong> Seguro\/Indemnizaci\u00f3n y\/o <strong>Carta de adjudicaci\u00f3n de seguro Social<\/strong>(s)<\/li><\/ul><p>\u00a0<\/p><p>Our Clinic engages other community healthcare entities that may offer discounts for services. Our providers may refer you to other specialists or for testing at another healthcare location. Please note our Clinic sliding scale does not apply to these services.<\/p><p>Please inform our staff if you are experiencing any financial hardship that may impact your access to care.<\/p>\t\t\t\t\t\t\t\t<\/div>\n\t\t\t\t<\/div>\n\t\t\t\t\t<\/div>\n\t\t\t\t<\/div>\n\t\t\t\t<\/div>","protected":false},"excerpt":{"rendered":"<p>Service Fees Mountain Hope Good Shepherd Clinic is a faith based charitable clinic which means we strive to keep fees for services at an affordable cost however, we are not a free clinic. Patients will pay for services at the time of visit based on our sliding-fee scale. Our Clinic participates in several state funded [&hellip;]<\/p>","protected":false},"author":6,"featured_media":0,"parent":2730,"menu_order":0,"comment_status":"closed","ping_status":"closed","template":"","meta":{"_acf_changed":false,"footnotes":""},"class_list":["post-2242","page","type-page","status-publish","hentry"],"acf":[],"_links":{"self":[{"href":"https:\/\/mountainhope.org\/es\/wp-json\/wp\/v2\/pages\/2242","targetHints":{"allow":["GET"]}}],"collection":[{"href":"https:\/\/mountainhope.org\/es\/wp-json\/wp\/v2\/pages"}],"about":[{"href":"https:\/\/mountainhope.org\/es\/wp-json\/wp\/v2\/types\/page"}],"author":[{"embeddable":true,"href":"https:\/\/mountainhope.org\/es\/wp-json\/wp\/v2\/users\/6"}],"replies":[{"embeddable":true,"href":"https:\/\/mountainhope.org\/es\/wp-json\/wp\/v2\/comments?post=2242"}],"version-history":[{"count":0,"href":"https:\/\/mountainhope.org\/es\/wp-json\/wp\/v2\/pages\/2242\/revisions"}],"up":[{"embeddable":true,"href":"https:\/\/mountainhope.org\/es\/wp-json\/wp\/v2\/pages\/2730"}],"wp:attachment":[{"href":"https:\/\/mountainhope.org\/es\/wp-json\/wp\/v2\/media?parent=2242"}],"curies":[{"name":"wp","href":"https:\/\/api.w.org\/{rel}","templated":true}]}}